{"id":231,"date":"2025-08-26T15:24:34","date_gmt":"2025-08-26T15:24:34","guid":{"rendered":"https:\/\/sfn-intranet.fr\/web\/?page_id=231"},"modified":"2025-08-27T08:02:32","modified_gmt":"2025-08-27T08:02:32","slug":"boite-a-outils","status":"publish","type":"page","link":"https:\/\/sfn-intranet.fr\/web\/boite-a-outils\/","title":{"rendered":"Boite \u00e0 Outils"},"content":{"rendered":"<table style=\"height: 520px;\" width=\"880\">\n<tbody>\n<tr>\n<td height=20><\/td>\n<\/tr>\n<tr>\n<td width=120><a href=\"https:\/\/kahoot.com\/\"><img loading=\"lazy\" decoding=\"async\" src=\"http:\/\/sfn-intranet.fr\/web\/wp-content\/uploads\/2025\/08\/Kahoot-scaled.png\" alt=\"\" width=\"103\" height=\"58\" \/><\/a><\/td>\n<td width=300>\n<h4>Kahoot est une application en ligne permettant de g\u00e9n\u00e9rer des QCM interactifs avec int\u00e9gration d\u2019images et de vid\u00e9os. Cet outil s\u2019av\u00e9re tr\u00e8s utile pour \u00e9valuer des pr\u00e9-requis, \u00e9valuer de fa\u00e7on formative ou sommative.<\/h4>\n<\/td>\n<td width=40><\/td>\n<td width=120><a  href=https:\/\/wayground.com\/?lng=fr\"><img loading=\"lazy\" decoding=\"async\" src=\"http:\/\/sfn-intranet.fr\/web\/wp-content\/uploads\/2025\/08\/Wayground.png\" alt=\"\" width=\"118\" height=\"58\" \/><\/a><\/td>\n<td width=300>\n<h4>Wayground est une plateforme \u00e9ducative gamifi\u00e9e qui permet aux enseignants de cr\u00e9er, des quizz, des le\u00e7ons interactives, des \u00e9valuations personnalis\u00e9es gr\u00e2ce \u00e0 l&rsquo;intelligence artificielle.<\/h4>\n<\/td>\n<\/tr>\n<tr>\n<td><a href=\"https:\/\/www.beekast.com\/fr\/\"><img loading=\"lazy\" decoding=\"async\" src=\"http:\/\/sfn-intranet.fr\/web\/wp-content\/uploads\/2025\/08\/beekast.png\" alt=\"\" width=\"112\" height=\"58\" \/><\/a><\/td>\n<td>\n<h4>Beekast est une plateforme web qui vous accompagne au quotidien dans la cr\u00e9ation, l&rsquo;animation et le suivi de vos r\u00e9unions et formations, par la cr\u00e9ation de brainstormings, de matrices et de quiz.<\/h4>\n<\/td>\n<td><\/td>\n<td><a href=\"https:\/\/learningapps.org\/\"><img loading=\"lazy\" decoding=\"async\" src=\"http:\/\/sfn-intranet.fr\/web\/wp-content\/uploads\/2025\/08\/LearningApps.png\" alt=\"\" width=\"120\" height=\"58\" \/><\/a><\/td>\n<td>\n<h4>LearningApps facilite l&rsquo;apprentissage en proposant des mini-jeux p\u00e9dagogiques personnalisables comme des QCM, des puzzles, des textes \u00e0 trous ou des classements.<\/h4>\n<\/td>\n<\/tr>\n<tr>\n<td><a href=\"https:\/\/www.plickers.com\/login\"><img loading=\"lazy\" decoding=\"async\" src=\"http:\/\/sfn-intranet.fr\/web\/wp-content\/uploads\/2025\/08\/plikers.png\" alt=\"\" width=\"120\" height=\"43\" \/><\/a><\/td>\n<td>\n<h4>Plickers est une application en ligne permettant de g\u00e9n\u00e9rer des QCM interactifs. Elle permet \u00e9galement de collecter les r\u00e9ponses en temps r\u00e9el sans besoin de connexion des apprenants.<\/h4>\n<\/td>\n<td><\/td>\n<td><a href=\"https:\/\/genially.com\/fr\/\"><img loading=\"lazy\" decoding=\"async\" src=\"http:\/\/sfn-intranet.fr\/web\/wp-content\/uploads\/2025\/08\/geneally.png\" alt=\"\" width=\"120\" height=\"58\" \/><\/a><\/td>\n<td>\n<h4>Genially est une application en ligne permettant de cr\u00e9er des contenus interactifs (pr\u00e9sentations, infographies, mini-jeux, des images interactives).<\/h4>\n<\/td>\n<\/tr>\n<tr>\n<td><a href=\"https:\/\/training.safetyculture.com\/fr\/\"><img loading=\"lazy\" decoding=\"async\" src=\"http:\/\/sfn-intranet.fr\/web\/wp-content\/uploads\/2025\/08\/SCtraining.png\" alt=\"\" width=\"120\" height=\"44\" \/><\/a><\/td>\n<td>\n<h4>SC Training est une application en ligne permettant de cr\u00e9er des micro-le\u00e7ons gamifi\u00e9es avec des r\u00e9compenses et classements.<\/h4>\n<\/td>\n<td><\/td>\n<td><a href=\"https:\/\/padlet.com\/\"><img loading=\"lazy\" decoding=\"async\" src=\"http:\/\/sfn-intranet.fr\/web\/wp-content\/uploads\/2025\/08\/Padlet.png\" alt=\"\" width=\"120\" height=\"41\" \/><\/a><\/td>\n<td>\n<h4>Padlet est un mur collaboratif virtuel ou chacun peut publier et organiser du contenu ( textes, images, vi\u00e9os, liens) de fa\u00e7on interactive et visuelle.<\/h4>\n<\/td>\n<\/tr>\n<tr>\n<td><a href=\"https:\/\/www.powtoon.com\/\"><img loading=\"lazy\" decoding=\"async\" src=\"http:\/\/sfn-intranet.fr\/web\/wp-content\/uploads\/2025\/08\/powtoon.png\" alt=\"\" width=\"120\" height=\"44\" \/><\/a><\/td>\n<td>\n<h4>Powtoon permet de cr\u00e9er des vid\u00e9os anim\u00e9es pour illustrer vos contenus de mani\u00e8re fun.<\/h4>\n<\/td>\n<td><\/td>\n<td><a href=\"https:\/\/gamma.app\/fr\"><img loading=\"lazy\" decoding=\"async\" src=\"http:\/\/sfn-intranet.fr\/web\/wp-content\/uploads\/2025\/08\/Gamma.png\" alt=\"\" width=\"120\" height=\"44\" \/><\/a><\/td>\n<td>\n<h4>Gamma est une application aliment\u00e9e par l&rsquo;AI permettant de cr\u00e9er rapidement et facilement des pr\u00e9sentations, des sites web, des documents.<\/h4>\n<\/td>\n<\/tr>\n<tr>\n<td><a href=\"https:\/\/edpuzzle.com\/\"><img loading=\"lazy\" decoding=\"async\" src=\"http:\/\/sfn-intranet.fr\/web\/wp-content\/uploads\/2025\/08\/EdPuzzle.png\" alt=\"\" width=\"120\" height=\"42\" \/><\/a><\/td>\n<td>\n<h4>EDpuzzle est un outil en ligne gratuit qui permet de cr\u00e9er des le\u00e7ons interactives \u00e0 partir de n&rsquo;importe quelle vid\u00e9o.<\/h4>\n<\/td>\n<td><\/td>\n<td><a href=\"https:\/\/www.wooclap.com\/fr\/\"><img loading=\"lazy\" decoding=\"async\" src=\"http:\/\/sfn-intranet.fr\/web\/wp-content\/uploads\/2025\/08\/Wooclap.png\" alt=\"\" width=\"120\" height=\"44\" \/><\/a><\/td>\n<td>\n<h4>Wooclap est une plateforme participative en ligne gratuite et intuitive pour cr\u00e9er des quiz interactifs, des QCM et des sondages \u00e0 distance.<\/h4>\n<\/td>\n<\/tr>\n<tr>\n<td><a href=\"https:\/\/www.educol.net\/\"><img loading=\"lazy\" decoding=\"async\" src=\"http:\/\/sfn-intranet.fr\/web\/wp-content\/uploads\/2025\/08\/Educol.png\" alt=\"\" width=\"120\" height=\"42\" \/><\/a><\/td>\n<td>\n<h4>Educol.net est un site g\u00e9n\u00e9rateur de mots crois\u00e9s et de mots m\u00eal\u00e9s, de mots \u00e0 deviner, personnalisables et imprimables.<\/h4>\n<\/td>\n<td><\/td>\n<td><a href=\"https:\/\/klaxoon.com\/fr\"><img loading=\"lazy\" decoding=\"async\" src=\"http:\/\/sfn-intranet.fr\/web\/wp-content\/uploads\/2025\/08\/Klaxoon.png\" alt=\"\" width=\"120\" height=\"44\" \/><\/a><\/td>\n<td>\n<h4>Klaxoon est une plateforme tout-en-un pens\u00e9e pour une collaboration efficace. Avec ses 9 outils interactifs, elle permet de cr\u00e9er des quizz, des sondages.<\/h4>\n<\/td>\n<\/tr>\n<\/tbody>\n<\/table>\n","protected":false},"excerpt":{"rendered":"<p>Kahoot est une application en ligne permettant de g\u00e9n\u00e9rer des QCM interactifs avec int\u00e9gration d\u2019images et de vid\u00e9os. Cet outil s\u2019av\u00e9re tr\u00e8s utile pour \u00e9valuer des pr\u00e9-requis, \u00e9valuer de fa\u00e7on formative ou sommative.<\/p>\n","protected":false},"author":1,"featured_media":0,"parent":0,"menu_order":0,"comment_status":"closed","ping_status":"closed","template":"","meta":{"footnotes":""},"class_list":["post-231","page","type-page","status-publish","hentry"],"_links":{"self":[{"href":"https:\/\/sfn-intranet.fr\/web\/wp-json\/wp\/v2\/pages\/231","targetHints":{"allow":["GET"]}}],"collection":[{"href":"https:\/\/sfn-intranet.fr\/web\/wp-json\/wp\/v2\/pages"}],"about":[{"href":"https:\/\/sfn-intranet.fr\/web\/wp-json\/wp\/v2\/types\/page"}],"author":[{"embeddable":true,"href":"https:\/\/sfn-intranet.fr\/web\/wp-json\/wp\/v2\/users\/1"}],"replies":[{"embeddable":true,"href":"https:\/\/sfn-intranet.fr\/web\/wp-json\/wp\/v2\/comments?post=231"}],"version-history":[{"count":39,"href":"https:\/\/sfn-intranet.fr\/web\/wp-json\/wp\/v2\/pages\/231\/revisions"}],"predecessor-version":[{"id":298,"href":"https:\/\/sfn-intranet.fr\/web\/wp-json\/wp\/v2\/pages\/231\/revisions\/298"}],"wp:attachment":[{"href":"https:\/\/sfn-intranet.fr\/web\/wp-json\/wp\/v2\/media?parent=231"}],"curies":[{"name":"wp","href":"https:\/\/api.w.org\/{rel}","templated":true}]}}