{"id":2,"date":"2022-09-21T11:05:46","date_gmt":"2022-09-21T11:05:46","guid":{"rendered":"http:\/\/sfn-intranet.fr\/web\/?page_id=2"},"modified":"2025-09-29T08:08:44","modified_gmt":"2025-09-29T08:08:44","slug":"televerser","status":"publish","type":"page","link":"http:\/\/sfn-intranet.fr\/web\/televerser\/","title":{"rendered":"T\u00e9l\u00e9verser des fichiers"},"content":{"rendered":"<p><strong>Retrouvez vos fichiers <\/strong><strong>t\u00e9l\u00e9vers\u00e9s <\/strong><strong>\u00e0 l&rsquo;adresse :<br \/>\nhttp:\/\/sfn-intranet.fr\/web\/wp-content\/uploads\/doc_cin\/&#8230;  <\/strong>       (Ajoutez le nom du fichier, par exemple : mon_fichier.pdf)<\/p>\n<style>\r\n\t\t.elfinder-dialog .ui-dialog-content table.elfinder-info-tb a.share-link {\r\n\t\t\tpointer-events: none;\r\n\t\t\tcursor: default;\r\n\t\t\ttext-decoration: none;\r\n\t\t}\r\n\t<\/style><div class=\"wrap_file_manager\">\r\n\t<div class=\"theme-default\"><div id=\"wp_file_manager_front518\"><\/div><\/div>\r\n\t<\/div><script type=\"text\/javascript\">\r\n\tvar selectedFilesArr = {};\r\n\t\tjQuery(document).ready(function () {\r\n\t\t\tvar adminajax = \"http:\/\/sfn-intranet.fr\/web\/wp-admin\/admin-ajax.php\";\r\n\t\t\tvar allow_upload_notifications = \"no\";\r\n\t\t\tvar allow_download_notifications= \"no\";\r\n\t\t\tvar allow_edit_notifications=\"no\";\r\n\t\t\tvar fm_without_code = jQuery(\"#wp_file_manager_front518\")\r\n\t\t\t  .elfinder({\r\n\t\t\t\turl: \"http:\/\/sfn-intranet.fr\/web\/wp-admin\/admin-ajax.php?action=mk_file_folder_manager_shortcode\",\r\n\t\t\t\tuploadMaxChunkSize: \"262144000\",\r\n\t\t\t\tlang: \"fr\",\r\n\t\t\t\tdefaultView: \"list\",\r\n\t\t\t\tdateFormat: \"d M, Y h:i A\",\r\n\t\t\t\tcustomData: {\r\n\t\t\t\t  _wpnonce: \"b913f2d43f\",\r\n\t\t\t\t  data_key: \"c5149fdf1ebce0a4e516adb7e9d276f9\",\r\n\t\t\t\t},\r\n\t\t\t\tuiOptions: {\r\n\t\t\t\t\ttoolbarExtra : {\r\n\t\t\t\t\t\tpreferenceInContextmenu: false,\r\n\t\t\t\t\t}\r\n\t\t\t\t},\r\n\t\t\t\t\/* Start *\/\r\n\t\t\t\thandlers: {\r\n\t\t\t\t\tdblclick: function(event, elfinderInstance)\r\n\t\t\t\t\t{var fileData = elfinderInstance.file(event.data.file);\r\n\t\t\t\t\t\t\tif(fileData.mime != \"directory\"){\r\n\t\t\t\t\t\t\t\treturn false;\r\n\t\t\t\t\t\t\t}},\r\n\t\t\t\t\tselect : function(event, elfinderInstance) {\r\n\t\t\t\t\t\tvar selected = event.data.selected;\r\n\t\t\t\t\t\tif(selected.length > 0){\r\n\t\t\t\t\t\t\tfor (i in selected) {\r\n\t\t\t\t\t\t\t\tvar file = elfinderInstance.file(selected[i]);\r\n\t\t\t\t\t\t\t\tselectedFilesArr[file.name] = elfinderInstance.url(selected[i]);\r\n\t\t\t\t\t\t\t}\r\n\t\t\t\t\t\t}\r\n\t\t\t\t\t},\r\n\t\t\t\t},\r\n\t\t  \r\n\t\t\t\t\/* END *\/\r\n\t\t\t\tcommandsOptions: {\r\n\t\t\t\t  edit: {\r\n\t\t\t\t\tmimes: [],\r\n\t\t  \r\n\t\t\t\t\teditors: [\r\n\t\t\t\t\t  {\r\n\t\t\t\t\t\tmimes: [\r\n\t\t\t\t\t\t  \"text\/plain\",\r\n\t\t\t\t\t\t  \"text\/html\",\r\n\t\t\t\t\t\t  \"text\/javascript\",\r\n\t\t\t\t\t\t  \"text\/css\",\r\n\t\t\t\t\t\t  \"text\/x-php\",\r\n\t\t\t\t\t\t  \"application\/x-php\",\r\n\t\t\t\t\t\t],\r\n\t\t  \r\n\t\t\t\t\t\tload: function (textarea) {\r\n\t\t\t\t\t\t  var mimeType = this.file.mime;\r\n\t\t\t\t\t\t  return CodeMirror.fromTextArea(textarea, {\r\n\t\t\t\t\t\t\tmode: mimeType,\r\n\t\t\t\t\t\t\tindentUnit: 4,\r\n\t\t\t\t\t\t\tlineNumbers: true,\r\n\t\t\t\t\t\t\ttheme: \"default\",\r\n\t\t\t\t\t\t\tviewportMargin: Infinity,\r\n\t\t\t\t\t\t\tlineWrapping: true,\r\n\t\t\t\t\t\t  });\r\n\t\t\t\t\t\t},\r\n\t\t  \r\n\t\t\t\t\t\tclose: function (textarea, instance) {\r\n\t\t\t\t\t\t  this.myCodeMirror = null;\r\n\t\t\t\t\t\t},\r\n\t\t\t\t\t  },\r\n\t\t\t\t\t],\r\n\t\t\t\t  },\r\n\t\t\t\t  quicklook: {\r\n\t\t\t\t\tsharecadMimes: [\r\n\t\t\t\t\t  \"image\/vnd.dwg\",\r\n\t\t\t\t\t  \"image\/vnd.dxf\",\r\n\t\t\t\t\t  \"model\/vnd.dwf\",\r\n\t\t\t\t\t  \"application\/vnd.hp-hpgl\",\r\n\t\t\t\t\t  \"application\/plt\",\r\n\t\t\t\t\t  \"application\/step\",\r\n\t\t\t\t\t  \"model\/iges\",\r\n\t\t\t\t\t  \"application\/vnd.ms-pki.stl\",\r\n\t\t\t\t\t  \"application\/sat\",\r\n\t\t\t\t\t  \"image\/cgm\",\r\n\t\t\t\t\t  \"application\/x-msmetafile\",\r\n\t\t\t\t\t],\r\n\t\t\t\t\tgoogleDocsMimes: [\r\n\t\t\t\t\t  \"application\/pdf\",\r\n\t\t\t\t\t  \"image\/tiff\",\r\n\t\t\t\t\t  \"application\/vnd.ms-office\",\r\n\t\t\t\t\t  \"application\/msword\",\r\n\t\t\t\t\t  \"application\/vnd.ms-word\",\r\n\t\t\t\t\t  \"application\/vnd.ms-excel\",\r\n\t\t\t\t\t  \"application\/vnd.ms-powerpoint\",\r\n\t\t\t\t\t  \"application\/vnd.openxmlformats-officedocument.wordprocessingml.document\",\r\n\t\t\t\t\t  \"application\/vnd.openxmlformats-officedocument.spreadsheetml.sheet\",\r\n\t\t\t\t\t  \"application\/vnd.openxmlformats-officedocument.presentationml.presentation\",\r\n\t\t\t\t\t  \"application\/postscript\",\r\n\t\t\t\t\t  \"application\/rtf\",\r\n\t\t\t\t\t],\r\n\t\t\t\t\tofficeOnlineMimes: [\r\n\t\t\t\t\t  \"application\/vnd.ms-office\",\r\n\t\t\t\t\t  \"application\/msword\",\r\n\t\t\t\t\t  \"application\/vnd.ms-word\",\r\n\t\t\t\t\t  \"application\/vnd.ms-excel\",\r\n\t\t\t\t\t  \"application\/vnd.ms-powerpoint\",\r\n\t\t\t\t\t  \"application\/vnd.openxmlformats-officedocument.wordprocessingml.document\",\r\n\t\t\t\t\t  \"application\/vnd.openxmlformats-officedocument.spreadsheetml.sheet\",\r\n\t\t\t\t\t  \"application\/vnd.openxmlformats-officedocument.presentationml.presentation\",\r\n\t\t\t\t\t  \"application\/vnd.oasis.opendocument.text\",\r\n\t\t\t\t\t  \"application\/vnd.oasis.opendocument.spreadsheet\",\r\n\t\t\t\t\t  \"application\/vnd.oasis.opendocument.presentation\",\r\n\t\t\t\t\t],\r\n\t\t\t\t  },\r\n\t\t\t\t},\r\n\t\t\t  })\r\n\t\t\t  .elfinder(\"instance\");\r\n\t\t\t\/\/ mac fix\r\n\t\t\tif (navigator.userAgent.indexOf(\"Mac OS X\") != -1) {\r\n\t\t\t  jQuery(\"body\").addClass(\"mac\");\r\n\t\t\t} else {\r\n\t\t\t  jQuery(\"body\").addClass(\"windows\");\r\n\t\t\t}});\t\t  \r\n\t\t<\/script>\n","protected":false},"excerpt":{"rendered":"<p>Retrouvez vos fichiers t\u00e9l\u00e9vers\u00e9s \u00e0 l&rsquo;adresse : http:\/\/sfn-intranet.fr\/web\/wp-content\/uploads\/doc_cin\/&#8230; (Ajoutez le nom du fichier, par exemple : mon_fichier.pdf)<\/p>\n","protected":false},"author":1,"featured_media":0,"parent":0,"menu_order":0,"comment_status":"closed","ping_status":"open","template":"","meta":{"footnotes":""},"class_list":["post-2","page","type-page","status-publish","hentry"],"_links":{"self":[{"href":"http:\/\/sfn-intranet.fr\/web\/wp-json\/wp\/v2\/pages\/2","targetHints":{"allow":["GET"]}}],"collection":[{"href":"http:\/\/sfn-intranet.fr\/web\/wp-json\/wp\/v2\/pages"}],"about":[{"href":"http:\/\/sfn-intranet.fr\/web\/wp-json\/wp\/v2\/types\/page"}],"author":[{"embeddable":true,"href":"http:\/\/sfn-intranet.fr\/web\/wp-json\/wp\/v2\/users\/1"}],"replies":[{"embeddable":true,"href":"http:\/\/sfn-intranet.fr\/web\/wp-json\/wp\/v2\/comments?post=2"}],"version-history":[{"count":50,"href":"http:\/\/sfn-intranet.fr\/web\/wp-json\/wp\/v2\/pages\/2\/revisions"}],"predecessor-version":[{"id":219,"href":"http:\/\/sfn-intranet.fr\/web\/wp-json\/wp\/v2\/pages\/2\/revisions\/219"}],"wp:attachment":[{"href":"http:\/\/sfn-intranet.fr\/web\/wp-json\/wp\/v2\/media?parent=2"}],"curies":[{"name":"wp","href":"https:\/\/api.w.org\/{rel}","templated":true}]}}